{"id":71647,"date":"2021-11-08T17:01:03","date_gmt":"2021-11-08T20:01:03","guid":{"rendered":"https:\/\/homolog.alana.org.br\/alana-institute\/initiatives\/"},"modified":"2025-04-29T20:05:16","modified_gmt":"2025-04-29T23:05:16","slug":"initiatives","status":"publish","type":"page","link":"https:\/\/alana.org.br\/en\/alana-institute\/initiatives\/","title":{"rendered":"Initiatives"},"content":{"rendered":"\n<p>Alana Institute&#8217;s initiatives are based on actions for the defense and promotion of children&#8217;s rights and full development in childhood. It also directs all its programs based on the <a href=\"https:\/\/homolog.alana.org.br\/glossario\/objetivos-de-desenvolvimento-sustentavel-ods\/\">Sustainable Development Goals of the United Nations.&nbsp;<\/a><\/p>\n\n\n\n<p>The axis of the programs are: <strong>legal support<\/strong> to influence the formulation and implementation of public policies, <strong>communication of excellence<\/strong> on the issues that affect the many Brazilian childhoods, as well as <strong>national and international mobilization<\/strong>, organized to achieve systemic impacts.<\/p>\n\n\n\n<div style=\"height:10px\" aria-hidden=\"true\" class=\"wp-block-spacer\"><\/div>\n\n\n\n<p><\/p>\n\n\n\n<h2 class=\"wp-block-heading\">Children and Consumerism&nbsp;<\/h2>\n\n\n\n<p>Since 2006, the Children and Consumerism program is dedicated to disseminating and debating ideas about issues related to advertising aiming at children, developing actions to mainly prevent and lessen the damages resulting from this commercial exploitation.<\/p>\n\n\n\n<div class=\"wp-block-buttons is-layout-flex wp-block-buttons-is-layout-flex\">\n<div class=\"wp-block-button is-style-outline btn-rosa is-style-outline--1\"><a class=\"wp-block-button__link has-text-color wp-element-button\" href=\"https:\/\/alana.org.br\/en\/alana-institute\/initiatives\/children-and-consumerism\" style=\"color:#ff6261\">learn about CHILDREN AND Consumerism&nbsp;<\/a><\/div>\n<\/div>\n\n\n\n<div style=\"height:10px\" aria-hidden=\"true\" class=\"wp-block-spacer\"><\/div>\n\n\n\n<h2 class=\"wp-block-heading\">Children and Nature<\/h2>\n\n\n\n<p>The program&#8217;s objective is to contribute so that children, especially those in the urban context, grow and develop in direct contact with nature. Guided by climate and socio-environmental justice, its strategies and intersectoral actions involve research, experiments, and advocacy in public policies.&nbsp;<\/p>\n\n\n\n<div class=\"wp-block-buttons is-layout-flex wp-block-buttons-is-layout-flex\">\n<div class=\"wp-block-button is-style-outline btn-rosa is-style-outline--2\"><a class=\"wp-block-button__link has-text-color wp-element-button\" href=\"https:\/\/alana.org.br\/en\/alana-institute\/initiatives\/children-and-nature\/\" style=\"color:#ff6261\">learn about CHILDREN AND NATURE<\/a><\/div>\n<\/div>\n\n\n\n<div style=\"height:10px\" aria-hidden=\"true\" class=\"wp-block-spacer\"><\/div>\n\n\n\n<h2 class=\"wp-block-heading\">Space Alana<\/h2>\n\n\n\n<p>Located in Jardim Pantanal, a community in the Eastern side of the city of S\u00e3o Paulo, it marks the beginning of Alana Institute&#8217;s history, in 1994. Its mission is to invest in local development by means of socio-educational actions, community articulation and dialogue with public administration.&nbsp;&nbsp;<\/p>\n\n\n\n<div class=\"wp-block-buttons is-layout-flex wp-block-buttons-is-layout-flex\">\n<div class=\"wp-block-button is-style-outline btn-rosa is-style-outline--3\"><a class=\"wp-block-button__link has-text-color wp-element-button\" href=\"https:\/\/alana.org.br\/en\/alana-institute\/initiatives\/space-alana\/\" style=\"color:#ff6261\">learn about SPACE ALANA<\/a><\/div>\n<\/div>\n\n\n\n<div style=\"height:10px\" aria-hidden=\"true\" class=\"wp-block-spacer\"><\/div>\n\n\n\n<h2 class=\"wp-block-heading\">Lunettes Portal<\/h2>\n\n\n\n<p>Lunettes is a journalistic portal that portrays different perspectives on childhood in Brazil. Focusing on news, opinion articles, and entertainment tips, its content is, therefore, designed for families, educators, caregivers, and the public interested in this theme.&nbsp;<\/p>\n\n\n\n<div class=\"wp-block-buttons is-layout-flex wp-block-buttons-is-layout-flex\">\n<div class=\"wp-block-button is-style-outline btn-rosa is-style-outline--4\"><a class=\"wp-block-button__link has-text-color wp-element-button\" href=\"https:\/\/alana.org.br\/en\/alana-institute\/initiatives\/lunettes-portal\/\" style=\"color:#ff6261\">learn about LUNETTES<\/a><\/div>\n<\/div>\n","protected":false},"excerpt":{"rendered":"<p>Investments in childhood aligned with local and global prosperity<\/p>\n","protected":false},"author":15,"featured_media":71249,"parent":71645,"menu_order":0,"comment_status":"closed","ping_status":"closed","template":"","meta":{"_acf_changed":false,"inline_featured_image":false,"footnotes":""},"class_list":["post-71647","page","type-page","status-publish","has-post-thumbnail","hentry"],"acf":[],"yoast_head":"<!-- This site is optimized with the Yoast SEO plugin v25.6 - https:\/\/yoast.com\/wordpress\/plugins\/seo\/ -->\n<title>Initiatives - Alana<\/title>\n<meta name=\"description\" content=\"Investments in childhood aligned with local and global prosperity is what drives Instituto Alana&#039;s initiatives.\" \/>\n<meta name=\"robots\" content=\"index, follow, max-snippet:-1, max-image-preview:large, max-video-preview:-1\" \/>\n<link rel=\"canonical\" href=\"https:\/\/alana.org.br\/en\/alana-institute\/initiatives\/\" \/>\n<meta property=\"og:locale\" content=\"en_US\" \/>\n<meta property=\"og:type\" content=\"article\" \/>\n<meta property=\"og:title\" content=\"Initiatives - Alana\" \/>\n<meta property=\"og:description\" content=\"Investments in childhood aligned with local and global prosperity is what drives Instituto Alana&#039;s initiatives.\" \/>\n<meta property=\"og:url\" content=\"https:\/\/alana.org.br\/en\/alana-institute\/initiatives\/\" \/>\n<meta property=\"og:site_name\" content=\"Alana\" \/>\n<meta property=\"article:modified_time\" content=\"2025-04-29T23:05:16+00:00\" \/>\n<meta property=\"og:image\" content=\"https:\/\/alana.org.br\/wp-content\/uploads\/2022\/12\/corda.jpg\" \/>\n\t<meta property=\"og:image:width\" content=\"801\" \/>\n\t<meta property=\"og:image:height\" content=\"460\" \/>\n\t<meta property=\"og:image:type\" content=\"image\/jpeg\" \/>\n<meta name=\"twitter:card\" content=\"summary_large_image\" \/>\n<meta name=\"twitter:label1\" content=\"Est. reading time\" \/>\n\t<meta name=\"twitter:data1\" content=\"2 minutes\" \/>\n<script type=\"application\/ld+json\" class=\"yoast-schema-graph\">{\"@context\":\"https:\/\/schema.org\",\"@graph\":[{\"@type\":\"WebPage\",\"@id\":\"https:\/\/alana.org.br\/en\/alana-institute\/initiatives\/\",\"url\":\"https:\/\/alana.org.br\/en\/alana-institute\/initiatives\/\",\"name\":\"Initiatives - Alana\",\"isPartOf\":{\"@id\":\"https:\/\/alana.org.br\/#website\"},\"primaryImageOfPage\":{\"@id\":\"https:\/\/alana.org.br\/en\/alana-institute\/initiatives\/#primaryimage\"},\"image\":{\"@id\":\"https:\/\/alana.org.br\/en\/alana-institute\/initiatives\/#primaryimage\"},\"thumbnailUrl\":\"https:\/\/alana.org.br\/wp-content\/uploads\/2022\/12\/corda.jpg\",\"datePublished\":\"2021-11-08T20:01:03+00:00\",\"dateModified\":\"2025-04-29T23:05:16+00:00\",\"description\":\"Investments in childhood aligned with local and global prosperity is what drives Instituto Alana's initiatives.\",\"breadcrumb\":{\"@id\":\"https:\/\/alana.org.br\/en\/alana-institute\/initiatives\/#breadcrumb\"},\"inLanguage\":\"en-US\",\"potentialAction\":[{\"@type\":\"ReadAction\",\"target\":[\"https:\/\/alana.org.br\/en\/alana-institute\/initiatives\/\"]}]},{\"@type\":\"ImageObject\",\"inLanguage\":\"en-US\",\"@id\":\"https:\/\/alana.org.br\/en\/alana-institute\/initiatives\/#primaryimage\",\"url\":\"https:\/\/alana.org.br\/wp-content\/uploads\/2022\/12\/corda.jpg\",\"contentUrl\":\"https:\/\/alana.org.br\/wp-content\/uploads\/2022\/12\/corda.jpg\",\"width\":801,\"height\":460,\"caption\":\"Na imagem, uma crian\u00e7a negra brinca com el\u00e1stico em uma rua com ch\u00e3o de terra.\"},{\"@type\":\"BreadcrumbList\",\"@id\":\"https:\/\/alana.org.br\/en\/alana-institute\/initiatives\/#breadcrumb\",\"itemListElement\":[{\"@type\":\"ListItem\",\"position\":1,\"name\":\"Home\",\"item\":\"https:\/\/alana.org.br\/en\/\"},{\"@type\":\"ListItem\",\"position\":2,\"name\":\"Alana Institute\",\"item\":\"https:\/\/alana.org.br\/en\/alana-institute\/\"},{\"@type\":\"ListItem\",\"position\":3,\"name\":\"Initiatives\"}]},{\"@type\":\"WebSite\",\"@id\":\"https:\/\/alana.org.br\/#website\",\"url\":\"https:\/\/alana.org.br\/\",\"name\":\"Alana\",\"description\":\"\",\"publisher\":{\"@id\":\"https:\/\/alana.org.br\/#organization\"},\"potentialAction\":[{\"@type\":\"SearchAction\",\"target\":{\"@type\":\"EntryPoint\",\"urlTemplate\":\"https:\/\/alana.org.br\/?s={search_term_string}\"},\"query-input\":{\"@type\":\"PropertyValueSpecification\",\"valueRequired\":true,\"valueName\":\"search_term_string\"}}],\"inLanguage\":\"en-US\"},{\"@type\":\"Organization\",\"@id\":\"https:\/\/alana.org.br\/#organization\",\"name\":\"Alana\",\"url\":\"https:\/\/alana.org.br\/\",\"logo\":{\"@type\":\"ImageObject\",\"inLanguage\":\"en-US\",\"@id\":\"https:\/\/alana.org.br\/#\/schema\/logo\/image\/\",\"url\":\"https:\/\/alana.org.br\/wp-content\/uploads\/2024\/07\/logo3.png\",\"contentUrl\":\"https:\/\/alana.org.br\/wp-content\/uploads\/2024\/07\/logo3.png\",\"width\":156,\"height\":71,\"caption\":\"Alana\"},\"image\":{\"@id\":\"https:\/\/alana.org.br\/#\/schema\/logo\/image\/\"}}]}<\/script>\n<!-- \/ Yoast SEO plugin. -->","yoast_head_json":{"title":"Initiatives - Alana","description":"Investments in childhood aligned with local and global prosperity is what drives Instituto Alana's initiatives.","robots":{"index":"index","follow":"follow","max-snippet":"max-snippet:-1","max-image-preview":"max-image-preview:large","max-video-preview":"max-video-preview:-1"},"canonical":"https:\/\/alana.org.br\/en\/alana-institute\/initiatives\/","og_locale":"en_US","og_type":"article","og_title":"Initiatives - Alana","og_description":"Investments in childhood aligned with local and global prosperity is what drives Instituto Alana's initiatives.","og_url":"https:\/\/alana.org.br\/en\/alana-institute\/initiatives\/","og_site_name":"Alana","article_modified_time":"2025-04-29T23:05:16+00:00","og_image":[{"width":801,"height":460,"url":"https:\/\/alana.org.br\/wp-content\/uploads\/2022\/12\/corda.jpg","type":"image\/jpeg"}],"twitter_card":"summary_large_image","twitter_misc":{"Est. reading time":"2 minutes"},"schema":{"@context":"https:\/\/schema.org","@graph":[{"@type":"WebPage","@id":"https:\/\/alana.org.br\/en\/alana-institute\/initiatives\/","url":"https:\/\/alana.org.br\/en\/alana-institute\/initiatives\/","name":"Initiatives - Alana","isPartOf":{"@id":"https:\/\/alana.org.br\/#website"},"primaryImageOfPage":{"@id":"https:\/\/alana.org.br\/en\/alana-institute\/initiatives\/#primaryimage"},"image":{"@id":"https:\/\/alana.org.br\/en\/alana-institute\/initiatives\/#primaryimage"},"thumbnailUrl":"https:\/\/alana.org.br\/wp-content\/uploads\/2022\/12\/corda.jpg","datePublished":"2021-11-08T20:01:03+00:00","dateModified":"2025-04-29T23:05:16+00:00","description":"Investments in childhood aligned with local and global prosperity is what drives Instituto Alana's initiatives.","breadcrumb":{"@id":"https:\/\/alana.org.br\/en\/alana-institute\/initiatives\/#breadcrumb"},"inLanguage":"en-US","potentialAction":[{"@type":"ReadAction","target":["https:\/\/alana.org.br\/en\/alana-institute\/initiatives\/"]}]},{"@type":"ImageObject","inLanguage":"en-US","@id":"https:\/\/alana.org.br\/en\/alana-institute\/initiatives\/#primaryimage","url":"https:\/\/alana.org.br\/wp-content\/uploads\/2022\/12\/corda.jpg","contentUrl":"https:\/\/alana.org.br\/wp-content\/uploads\/2022\/12\/corda.jpg","width":801,"height":460,"caption":"Na imagem, uma crian\u00e7a negra brinca com el\u00e1stico em uma rua com ch\u00e3o de terra."},{"@type":"BreadcrumbList","@id":"https:\/\/alana.org.br\/en\/alana-institute\/initiatives\/#breadcrumb","itemListElement":[{"@type":"ListItem","position":1,"name":"Home","item":"https:\/\/alana.org.br\/en\/"},{"@type":"ListItem","position":2,"name":"Alana Institute","item":"https:\/\/alana.org.br\/en\/alana-institute\/"},{"@type":"ListItem","position":3,"name":"Initiatives"}]},{"@type":"WebSite","@id":"https:\/\/alana.org.br\/#website","url":"https:\/\/alana.org.br\/","name":"Alana","description":"","publisher":{"@id":"https:\/\/alana.org.br\/#organization"},"potentialAction":[{"@type":"SearchAction","target":{"@type":"EntryPoint","urlTemplate":"https:\/\/alana.org.br\/?s={search_term_string}"},"query-input":{"@type":"PropertyValueSpecification","valueRequired":true,"valueName":"search_term_string"}}],"inLanguage":"en-US"},{"@type":"Organization","@id":"https:\/\/alana.org.br\/#organization","name":"Alana","url":"https:\/\/alana.org.br\/","logo":{"@type":"ImageObject","inLanguage":"en-US","@id":"https:\/\/alana.org.br\/#\/schema\/logo\/image\/","url":"https:\/\/alana.org.br\/wp-content\/uploads\/2024\/07\/logo3.png","contentUrl":"https:\/\/alana.org.br\/wp-content\/uploads\/2024\/07\/logo3.png","width":156,"height":71,"caption":"Alana"},"image":{"@id":"https:\/\/alana.org.br\/#\/schema\/logo\/image\/"}}]}},"_links":{"self":[{"href":"https:\/\/alana.org.br\/en\/wp-json\/wp\/v2\/pages\/71647","targetHints":{"allow":["GET"]}}],"collection":[{"href":"https:\/\/alana.org.br\/en\/wp-json\/wp\/v2\/pages"}],"about":[{"href":"https:\/\/alana.org.br\/en\/wp-json\/wp\/v2\/types\/page"}],"author":[{"embeddable":true,"href":"https:\/\/alana.org.br\/en\/wp-json\/wp\/v2\/users\/15"}],"replies":[{"embeddable":true,"href":"https:\/\/alana.org.br\/en\/wp-json\/wp\/v2\/comments?post=71647"}],"version-history":[{"count":12,"href":"https:\/\/alana.org.br\/en\/wp-json\/wp\/v2\/pages\/71647\/revisions"}],"predecessor-version":[{"id":77646,"href":"https:\/\/alana.org.br\/en\/wp-json\/wp\/v2\/pages\/71647\/revisions\/77646"}],"up":[{"embeddable":true,"href":"https:\/\/alana.org.br\/en\/wp-json\/wp\/v2\/pages\/71645"}],"wp:featuredmedia":[{"embeddable":true,"href":"https:\/\/alana.org.br\/en\/wp-json\/wp\/v2\/media\/71249"}],"wp:attachment":[{"href":"https:\/\/alana.org.br\/en\/wp-json\/wp\/v2\/media?parent=71647"}],"curies":[{"name":"wp","href":"https:\/\/api.w.org\/{rel}","templated":true}]}}