{"id":71636,"date":"2021-11-08T17:59:17","date_gmt":"2021-11-08T20:59:17","guid":{"rendered":"https:\/\/homolog.alana.org.br\/alana-foundation\/initiatives\/"},"modified":"2023-06-13T16:06:17","modified_gmt":"2023-06-13T19:06:17","slug":"initiatives","status":"publish","type":"page","link":"https:\/\/alana.org.br\/en\/alana-foundation\/initiatives\/","title":{"rendered":"Initiatives"},"content":{"rendered":"\n<p>Among the key areas of focus, our programs prioritize providing legal support to influence the formulation and implementation of public policy. In addition, they excel in communication about issues affecting the diverse experiences of Brazilian childhood and engage in national and international mobilization efforts to achieve systemic impact.<\/p>\n\n\n\n<div class=\"wp-block-columns alinhamento-centro col-reverse-mobile is-layout-flex wp-container-core-columns-is-layout-9d6595d7 wp-block-columns-is-layout-flex\">\n<div class=\"wp-block-column is-vertically-aligned-center is-layout-flow wp-block-column-is-layout-flow\">\n<h2 class=\"wp-block-heading has-roxo-mediano-color has-text-color\"><strong>Alana Down Syndrome Center at MIT<\/strong><\/h2>\n\n\n\n<p>In 2019, the partnership between the Alana Foundation and Massachusetts Institute of Technology resulted in the establishment of the Alana Down Syndrome Center at <a href=\"https:\/\/www.mit.edu\" target=\"_blank\" rel=\"noreferrer noopener\">MIT<\/a> (Massachusetts Institute of Technology). This research and study center focuses on the development of assistive technologies, education, and training related to Down Syndrome, advancing health, autonomy, and inclusion.<\/p>\n\n\n\n<div style=\"height:30px\" aria-hidden=\"true\" class=\"wp-block-spacer\"><\/div>\n\n\n\n<div class=\"wp-block-buttons is-layout-flex wp-block-buttons-is-layout-flex\">\n<div class=\"wp-block-button is-style-outline is-style-outline--1\"><a class=\"wp-block-button__link has-black-color has-text-color wp-element-button\" href=\"https:\/\/alana.org.br\/en\/alana-foundation\/initiatives\/alana-down-syndrome-center\/\">GET TO KNOW THE INITIATIVE<\/a><\/div>\n<\/div>\n<\/div>\n\n\n\n<div class=\"wp-block-column is-layout-flow wp-block-column-is-layout-flow\">\n<figure class=\"wp-block-image size-full\"><img decoding=\"async\" src=\"https:\/\/alana.org.br\/wp-content\/uploads\/2021\/12\/img-body-alana-down.png\" alt=\"\" class=\"wp-image-1684\"\/><\/figure>\n<\/div>\n<\/div>\n\n\n\n<div class=\"wp-block-columns alinhamento-centro is-layout-flex wp-container-core-columns-is-layout-9d6595d7 wp-block-columns-is-layout-flex\">\n<div class=\"wp-block-column is-layout-flow wp-block-column-is-layout-flow\">\n<figure class=\"wp-block-image size-full\"><img loading=\"lazy\" decoding=\"async\" width=\"598\" height=\"545\" src=\"https:\/\/alana.org.br\/wp-content\/uploads\/2021\/12\/img-body-xprize.png\" alt=\"\" class=\"wp-image-1686\" srcset=\"https:\/\/alana.org.br\/wp-content\/uploads\/2021\/12\/img-body-xprize.png 598w, https:\/\/alana.org.br\/wp-content\/uploads\/2021\/12\/img-body-xprize-300x273.png 300w\" sizes=\"auto, (max-width: 598px) 100vw, 598px\" \/><\/figure>\n<\/div>\n\n\n\n<div class=\"wp-block-column is-vertically-aligned-center is-layout-flow wp-block-column-is-layout-flow\">\n<h2 class=\"wp-block-heading has-roxo-mediano-color has-text-color\"><strong>Alana XPrize Rainforest<\/strong><\/h2>\n\n\n\n<p>The XPrize Rainforest | Alana is a 5-year competition, launched in 2019. It aims to accelerate the emergence of innovative, autonomous technologies, aligned with traditional knowledge, for mapping biodiversity in tropical forests. Rapid data analysis will provide new insights and unlock the true potential of standing forests, accelerating the development of new, fair, and sustainable bioeconomies.<\/p>\n\n\n\n<div style=\"height:30px\" aria-hidden=\"true\" class=\"wp-block-spacer\"><\/div>\n\n\n\n<div class=\"wp-block-buttons is-layout-flex wp-block-buttons-is-layout-flex\">\n<div class=\"wp-block-button is-style-outline is-style-outline--2\"><a class=\"wp-block-button__link has-black-color has-text-color wp-element-button\" href=\"https:\/\/alana.org.br\/en\/alana-foundation\/initiatives\/alana-xprize-rainforest\/\">GET TO KNOW THE INITIATIVE<\/a><\/div>\n<\/div>\n<\/div>\n<\/div>\n\n\n\n<div style=\"height:5px\" aria-hidden=\"true\" class=\"wp-block-spacer\"><\/div>\n\n\n\n<h2 class=\"wp-block-heading\">Content related to Alana Foundation Initiatives<\/h2>\n\n\n\r\n\r\n\r\n<div class=\"\" id=\"\">\r\n    <ul class=\"nav nav-pills mb-3\" id=\"pills-tab\" role=\"tablist\">\r\n        <li class=\"nav-item\" role=\"presentation\">\r\n            <button class=\"nav-link active\" id=\"pills-noticias-tab\" data-bs-toggle=\"pill\" data-bs-target=\"#pills-noticias\" type=\"button\" role=\"tab\" aria-controls=\"pills-noticias\" aria-selected=\"true\">News<\/button>\r\n        <\/li>\r\n        <li class=\"nav-item\" role=\"presentation\">\r\n            <button class=\"nav-link\" id=\"pills-publicacoes-tab\" data-bs-toggle=\"pill\" data-bs-target=\"#pills-publicacoes\" type=\"button\" role=\"tab\" aria-controls=\"pills-publicacoes\" aria-selected=\"false\">Materials<\/button>\r\n        <\/li>\r\n    <\/ul>\r\n    <div class=\"tab-content\" id=\"pills-tabContent\">\r\n        <div class=\"tab-pane fade show active\" id=\"pills-noticias\" role=\"tabpanel\" aria-labelledby=\"pills-noticias-tab\">\r\n            <div class=\"row\">\r\n                                    <div class=\"col-md-6\">\r\n                        <div class=\"post-item\">\r\n                            \r\n                            <a href=\"https:\/\/alana.org.br\/en\/elevate-children-funders-group-2\/\" title=\"Ir para Alana Foundation accepted into Elevate Children Funders Group, global network of funders focused on children&#8217;s rights\">\r\n                                <div class=\"entry-thumbnail\">\r\n                                    <img loading=\"lazy\" decoding=\"async\" width=\"580\" height=\"387\" src=\"https:\/\/alana.org.br\/wp-content\/uploads\/2022\/12\/alana-elevate-children-funders-group-1024x683.webp\" class=\"attachment-large size-large wp-post-image\" alt=\"Elevate Children Funders Group: na foto, menina desenha um arco-\u00edris em uma grande janela de vidro.\" srcset=\"https:\/\/alana.org.br\/wp-content\/uploads\/2022\/12\/alana-elevate-children-funders-group-1024x683.webp 1024w, https:\/\/alana.org.br\/wp-content\/uploads\/2022\/12\/alana-elevate-children-funders-group-300x200.webp 300w, https:\/\/alana.org.br\/wp-content\/uploads\/2022\/12\/alana-elevate-children-funders-group-768x512.webp 768w, https:\/\/alana.org.br\/wp-content\/uploads\/2022\/12\/alana-elevate-children-funders-group-1536x1024.webp 1536w, https:\/\/alana.org.br\/wp-content\/uploads\/2022\/12\/alana-elevate-children-funders-group-2048x1366.webp 2048w, https:\/\/alana.org.br\/wp-content\/uploads\/2022\/12\/alana-elevate-children-funders-group-1200x800.webp 1200w, https:\/\/alana.org.br\/wp-content\/uploads\/2022\/12\/alana-elevate-children-funders-group-1980x1320.webp 1980w\" sizes=\"auto, (max-width: 580px) 100vw, 580px\" \/>                                    <div class=\"post_date\">\r\n                                        <span class=\"day\">15<\/span>\r\n                                        <span class=\"month\">Dec<\/span>\r\n                                    <\/div>\r\n                                <\/div>\r\n                                <header class=\"entry-header\">\r\n                                    <h3 class=\"post-title\">Alana Foundation accepted into Elevate Children Funders Group, global network of funders focused on children&#8217;s rights<\/h3>\r\n                                <\/header>\r\n                            <\/a>\r\n                        <\/div>\r\n                    <\/div>\r\n\r\n                                    <div class=\"col-md-6\">\r\n                        <div class=\"post-item\">\r\n                            \r\n                            <a href=\"https:\/\/alana.org.br\/en\/alana-usp-down-syndrome\/\" title=\"Ir para Alana Foundation and USP unite to create a research and advocacy network on Down syndrome\">\r\n                                <div class=\"entry-thumbnail\">\r\n                                    <img loading=\"lazy\" decoding=\"async\" width=\"580\" height=\"310\" src=\"https:\/\/alana.org.br\/wp-content\/uploads\/2023\/03\/alana-advocacy-sindrome-down-1024x548.webp\" class=\"attachment-large size-large wp-post-image\" alt=\"Crian\u00e7a branca com s\u00edndrome de Down abra\u00e7a um adulto.\" srcset=\"https:\/\/alana.org.br\/wp-content\/uploads\/2023\/03\/alana-advocacy-sindrome-down-1024x548.webp 1024w, https:\/\/alana.org.br\/wp-content\/uploads\/2023\/03\/alana-advocacy-sindrome-down-300x161.webp 300w, https:\/\/alana.org.br\/wp-content\/uploads\/2023\/03\/alana-advocacy-sindrome-down-768x411.webp 768w, https:\/\/alana.org.br\/wp-content\/uploads\/2023\/03\/alana-advocacy-sindrome-down-1536x822.webp 1536w, https:\/\/alana.org.br\/wp-content\/uploads\/2023\/03\/alana-advocacy-sindrome-down-2048x1096.webp 2048w, https:\/\/alana.org.br\/wp-content\/uploads\/2023\/03\/alana-advocacy-sindrome-down-1200x642.webp 1200w, https:\/\/alana.org.br\/wp-content\/uploads\/2023\/03\/alana-advocacy-sindrome-down-1980x1060.webp 1980w\" sizes=\"auto, (max-width: 580px) 100vw, 580px\" \/>                                    <div class=\"post_date\">\r\n                                        <span class=\"day\">27<\/span>\r\n                                        <span class=\"month\">Mar<\/span>\r\n                                    <\/div>\r\n                                <\/div>\r\n                                <header class=\"entry-header\">\r\n                                    <h3 class=\"post-title\">Alana Foundation and USP unite to create a research and advocacy network on Down syndrome<\/h3>\r\n                                <\/header>\r\n                            <\/a>\r\n                        <\/div>\r\n                    <\/div>\r\n\r\n                                    <div class=\"col-md-6\">\r\n                        <div class=\"post-item\">\r\n                            \r\n                            <a href=\"https:\/\/alana.org.br\/en\/paper-children-cop\/\" title=\"Ir para Alana Institute and LACLIMA launch analysis on children in climate COPs\">\r\n                                <div class=\"entry-thumbnail\">\r\n                                    <img loading=\"lazy\" decoding=\"async\" width=\"580\" height=\"387\" src=\"https:\/\/alana.org.br\/wp-content\/uploads\/2025\/06\/shutterstock_2273070943-1024x683.jpg\" class=\"attachment-large size-large wp-post-image\" alt=\"Crian\u00e7as na COP: na imagem, m\u00e3os de crian\u00e7as desenham o Planeta Terra com l\u00e1pis coloridos\" srcset=\"https:\/\/alana.org.br\/wp-content\/uploads\/2025\/06\/shutterstock_2273070943-1024x683.jpg 1024w, https:\/\/alana.org.br\/wp-content\/uploads\/2025\/06\/shutterstock_2273070943-300x200.jpg 300w, https:\/\/alana.org.br\/wp-content\/uploads\/2025\/06\/shutterstock_2273070943-768x512.jpg 768w, https:\/\/alana.org.br\/wp-content\/uploads\/2025\/06\/shutterstock_2273070943-1536x1024.jpg 1536w, https:\/\/alana.org.br\/wp-content\/uploads\/2025\/06\/shutterstock_2273070943-2048x1365.jpg 2048w, https:\/\/alana.org.br\/wp-content\/uploads\/2025\/06\/shutterstock_2273070943-1200x800.jpg 1200w, https:\/\/alana.org.br\/wp-content\/uploads\/2025\/06\/shutterstock_2273070943-1980x1320.jpg 1980w\" sizes=\"auto, (max-width: 580px) 100vw, 580px\" \/>                                    <div class=\"post_date\">\r\n                                        <span class=\"day\">16<\/span>\r\n                                        <span class=\"month\">Jun<\/span>\r\n                                    <\/div>\r\n                                <\/div>\r\n                                <header class=\"entry-header\">\r\n                                    <h3 class=\"post-title\">Alana Institute and LACLIMA launch analysis on children in climate COPs<\/h3>\r\n                                <\/header>\r\n                            <\/a>\r\n                        <\/div>\r\n                    <\/div>\r\n\r\n                                    <div class=\"col-md-6\">\r\n                        <div class=\"post-item\">\r\n                            \r\n                            <a href=\"https:\/\/alana.org.br\/en\/alana-joins-child-rights-connect\/\" title=\"Ir para Alana Institute is accepted as a member of Child Rights Connect\">\r\n                                <div class=\"entry-thumbnail\">\r\n                                    <img loading=\"lazy\" decoding=\"async\" width=\"580\" height=\"387\" src=\"https:\/\/alana.org.br\/wp-content\/uploads\/2022\/06\/shutterstock-2047896716-1024x683.jpg\" class=\"attachment-large size-large wp-post-image\" alt=\"\" srcset=\"https:\/\/alana.org.br\/wp-content\/uploads\/2022\/06\/shutterstock-2047896716-1024x683.jpg 1024w, https:\/\/alana.org.br\/wp-content\/uploads\/2022\/06\/shutterstock-2047896716-300x200.jpg 300w, https:\/\/alana.org.br\/wp-content\/uploads\/2022\/06\/shutterstock-2047896716-768x512.jpg 768w, https:\/\/alana.org.br\/wp-content\/uploads\/2022\/06\/shutterstock-2047896716-1536x1024.jpg 1536w, https:\/\/alana.org.br\/wp-content\/uploads\/2022\/06\/shutterstock-2047896716-2048x1365.jpg 2048w, https:\/\/alana.org.br\/wp-content\/uploads\/2022\/06\/shutterstock-2047896716-260x173.jpg 260w\" sizes=\"auto, (max-width: 580px) 100vw, 580px\" \/>                                    <div class=\"post_date\">\r\n                                        <span class=\"day\">15<\/span>\r\n                                        <span class=\"month\">Jun<\/span>\r\n                                    <\/div>\r\n                                <\/div>\r\n                                <header class=\"entry-header\">\r\n                                    <h3 class=\"post-title\">Alana Institute is accepted as a member of Child Rights Connect<\/h3>\r\n                                <\/header>\r\n                            <\/a>\r\n                        <\/div>\r\n                    <\/div>\r\n\r\n                \r\n                <div class=\"wp-block-buttons is-content-justification-center\">\r\n                    <div class=\"wp-block-button is-style-outline\">\r\n                        <a class=\"wp-block-button__link has-verde-veronese-color has-text-color\" href=\"https:\/\/alana.org.br\/noticias\/\" style=\"border-radius:50px\">\r\n                            Check all the news                        <\/a>\r\n                    <\/div>\r\n                <\/div>\r\n\r\n            <\/div>\r\n        <\/div>\r\n        <div class=\"tab-pane fade\" id=\"pills-publicacoes\" role=\"tabpanel\" aria-labelledby=\"pills-publicacoes-tab\">\r\n            <div class=\"row\">\r\n                \r\n                <div class=\"wp-block-buttons is-content-justification-center\">\r\n                    <div class=\"wp-block-button is-style-outline\">\r\n                        <a class=\"wp-block-button__link has-verde-veronese-color has-text-color\" href=\"https:\/\/alana.org.br\/materiais-disponiveis\/\" style=\"border-radius:50px\">\r\n                            Check all materials                        <\/a>\r\n                    <\/div>\r\n                <\/div>\r\n\r\n            <\/div>\r\n        <\/div>\r\n       \r\n    <\/div>\r\n\r\n\t\r\n<\/div>","protected":false},"excerpt":{"rendered":"<p>Investing in childhood for local and global prosperity.<\/p>\n<p>The programs of the Alana Institute defend and promote the rights and holistic development of children in diverse environments. <\/p>\n<p>The initiatives of the Alana Foundation are primarily guided by the United Nations&#8217; Sustainable Development Goals.<\/p>\n","protected":false},"author":7,"featured_media":65593,"parent":71615,"menu_order":0,"comment_status":"closed","ping_status":"closed","template":"","meta":{"_acf_changed":false,"inline_featured_image":false,"footnotes":""},"class_list":["post-71636","page","type-page","status-publish","has-post-thumbnail","hentry"],"acf":[],"yoast_head":"<!-- This site is optimized with the Yoast SEO plugin v25.6 - https:\/\/yoast.com\/wordpress\/plugins\/seo\/ -->\n<title>Alana Foundation Initiatives - Alana<\/title>\n<meta name=\"description\" content=\"Get to know the Alana Foundation Initiatives. Investment projects in childhood aligned with local and global prosperity.\" \/>\n<meta name=\"robots\" content=\"index, follow, max-snippet:-1, max-image-preview:large, max-video-preview:-1\" \/>\n<link rel=\"canonical\" href=\"https:\/\/alana.org.br\/en\/alana-foundation\/initiatives\/\" \/>\n<meta property=\"og:locale\" content=\"en_US\" \/>\n<meta property=\"og:type\" content=\"article\" \/>\n<meta property=\"og:title\" content=\"Alana Foundation Initiatives - Alana\" \/>\n<meta property=\"og:description\" content=\"Get to know the Alana Foundation Initiatives. Investment projects in childhood aligned with local and global prosperity.\" \/>\n<meta property=\"og:url\" content=\"https:\/\/alana.org.br\/en\/alana-foundation\/initiatives\/\" \/>\n<meta property=\"og:site_name\" content=\"Alana\" \/>\n<meta property=\"article:modified_time\" content=\"2023-06-13T19:06:17+00:00\" \/>\n<meta property=\"og:image\" content=\"https:\/\/alana.org.br\/wp-content\/uploads\/2021\/12\/img-topo-iniciativa.png\" \/>\n\t<meta property=\"og:image:width\" content=\"815\" \/>\n\t<meta property=\"og:image:height\" content=\"743\" \/>\n\t<meta property=\"og:image:type\" content=\"image\/png\" \/>\n<meta name=\"twitter:card\" content=\"summary_large_image\" \/>\n<meta name=\"twitter:label1\" content=\"Est. reading time\" \/>\n\t<meta name=\"twitter:data1\" content=\"2 minutes\" \/>\n<script type=\"application\/ld+json\" class=\"yoast-schema-graph\">{\"@context\":\"https:\/\/schema.org\",\"@graph\":[{\"@type\":\"WebPage\",\"@id\":\"https:\/\/alana.org.br\/en\/alana-foundation\/initiatives\/\",\"url\":\"https:\/\/alana.org.br\/en\/alana-foundation\/initiatives\/\",\"name\":\"Alana Foundation Initiatives - Alana\",\"isPartOf\":{\"@id\":\"https:\/\/alana.org.br\/#website\"},\"primaryImageOfPage\":{\"@id\":\"https:\/\/alana.org.br\/en\/alana-foundation\/initiatives\/#primaryimage\"},\"image\":{\"@id\":\"https:\/\/alana.org.br\/en\/alana-foundation\/initiatives\/#primaryimage\"},\"thumbnailUrl\":\"https:\/\/alana.org.br\/wp-content\/uploads\/2021\/12\/img-topo-iniciativa.png\",\"datePublished\":\"2021-11-08T20:59:17+00:00\",\"dateModified\":\"2023-06-13T19:06:17+00:00\",\"description\":\"Get to know the Alana Foundation Initiatives. Investment projects in childhood aligned with local and global prosperity.\",\"breadcrumb\":{\"@id\":\"https:\/\/alana.org.br\/en\/alana-foundation\/initiatives\/#breadcrumb\"},\"inLanguage\":\"en-US\",\"potentialAction\":[{\"@type\":\"ReadAction\",\"target\":[\"https:\/\/alana.org.br\/en\/alana-foundation\/initiatives\/\"]}]},{\"@type\":\"ImageObject\",\"inLanguage\":\"en-US\",\"@id\":\"https:\/\/alana.org.br\/en\/alana-foundation\/initiatives\/#primaryimage\",\"url\":\"https:\/\/alana.org.br\/wp-content\/uploads\/2021\/12\/img-topo-iniciativa.png\",\"contentUrl\":\"https:\/\/alana.org.br\/wp-content\/uploads\/2021\/12\/img-topo-iniciativa.png\",\"width\":815,\"height\":743},{\"@type\":\"BreadcrumbList\",\"@id\":\"https:\/\/alana.org.br\/en\/alana-foundation\/initiatives\/#breadcrumb\",\"itemListElement\":[{\"@type\":\"ListItem\",\"position\":1,\"name\":\"Home\",\"item\":\"https:\/\/alana.org.br\/en\/\"},{\"@type\":\"ListItem\",\"position\":2,\"name\":\"Alana Foundation\",\"item\":\"https:\/\/alana.org.br\/en\/alana-foundation\/\"},{\"@type\":\"ListItem\",\"position\":3,\"name\":\"Initiatives\"}]},{\"@type\":\"WebSite\",\"@id\":\"https:\/\/alana.org.br\/#website\",\"url\":\"https:\/\/alana.org.br\/\",\"name\":\"Alana\",\"description\":\"\",\"publisher\":{\"@id\":\"https:\/\/alana.org.br\/#organization\"},\"potentialAction\":[{\"@type\":\"SearchAction\",\"target\":{\"@type\":\"EntryPoint\",\"urlTemplate\":\"https:\/\/alana.org.br\/?s={search_term_string}\"},\"query-input\":{\"@type\":\"PropertyValueSpecification\",\"valueRequired\":true,\"valueName\":\"search_term_string\"}}],\"inLanguage\":\"en-US\"},{\"@type\":\"Organization\",\"@id\":\"https:\/\/alana.org.br\/#organization\",\"name\":\"Alana\",\"url\":\"https:\/\/alana.org.br\/\",\"logo\":{\"@type\":\"ImageObject\",\"inLanguage\":\"en-US\",\"@id\":\"https:\/\/alana.org.br\/#\/schema\/logo\/image\/\",\"url\":\"https:\/\/alana.org.br\/wp-content\/uploads\/2024\/07\/logo3.png\",\"contentUrl\":\"https:\/\/alana.org.br\/wp-content\/uploads\/2024\/07\/logo3.png\",\"width\":156,\"height\":71,\"caption\":\"Alana\"},\"image\":{\"@id\":\"https:\/\/alana.org.br\/#\/schema\/logo\/image\/\"}}]}<\/script>\n<!-- \/ Yoast SEO plugin. -->","yoast_head_json":{"title":"Alana Foundation Initiatives - Alana","description":"Get to know the Alana Foundation Initiatives. Investment projects in childhood aligned with local and global prosperity.","robots":{"index":"index","follow":"follow","max-snippet":"max-snippet:-1","max-image-preview":"max-image-preview:large","max-video-preview":"max-video-preview:-1"},"canonical":"https:\/\/alana.org.br\/en\/alana-foundation\/initiatives\/","og_locale":"en_US","og_type":"article","og_title":"Alana Foundation Initiatives - Alana","og_description":"Get to know the Alana Foundation Initiatives. Investment projects in childhood aligned with local and global prosperity.","og_url":"https:\/\/alana.org.br\/en\/alana-foundation\/initiatives\/","og_site_name":"Alana","article_modified_time":"2023-06-13T19:06:17+00:00","og_image":[{"width":815,"height":743,"url":"https:\/\/alana.org.br\/wp-content\/uploads\/2021\/12\/img-topo-iniciativa.png","type":"image\/png"}],"twitter_card":"summary_large_image","twitter_misc":{"Est. reading time":"2 minutes"},"schema":{"@context":"https:\/\/schema.org","@graph":[{"@type":"WebPage","@id":"https:\/\/alana.org.br\/en\/alana-foundation\/initiatives\/","url":"https:\/\/alana.org.br\/en\/alana-foundation\/initiatives\/","name":"Alana Foundation Initiatives - Alana","isPartOf":{"@id":"https:\/\/alana.org.br\/#website"},"primaryImageOfPage":{"@id":"https:\/\/alana.org.br\/en\/alana-foundation\/initiatives\/#primaryimage"},"image":{"@id":"https:\/\/alana.org.br\/en\/alana-foundation\/initiatives\/#primaryimage"},"thumbnailUrl":"https:\/\/alana.org.br\/wp-content\/uploads\/2021\/12\/img-topo-iniciativa.png","datePublished":"2021-11-08T20:59:17+00:00","dateModified":"2023-06-13T19:06:17+00:00","description":"Get to know the Alana Foundation Initiatives. Investment projects in childhood aligned with local and global prosperity.","breadcrumb":{"@id":"https:\/\/alana.org.br\/en\/alana-foundation\/initiatives\/#breadcrumb"},"inLanguage":"en-US","potentialAction":[{"@type":"ReadAction","target":["https:\/\/alana.org.br\/en\/alana-foundation\/initiatives\/"]}]},{"@type":"ImageObject","inLanguage":"en-US","@id":"https:\/\/alana.org.br\/en\/alana-foundation\/initiatives\/#primaryimage","url":"https:\/\/alana.org.br\/wp-content\/uploads\/2021\/12\/img-topo-iniciativa.png","contentUrl":"https:\/\/alana.org.br\/wp-content\/uploads\/2021\/12\/img-topo-iniciativa.png","width":815,"height":743},{"@type":"BreadcrumbList","@id":"https:\/\/alana.org.br\/en\/alana-foundation\/initiatives\/#breadcrumb","itemListElement":[{"@type":"ListItem","position":1,"name":"Home","item":"https:\/\/alana.org.br\/en\/"},{"@type":"ListItem","position":2,"name":"Alana Foundation","item":"https:\/\/alana.org.br\/en\/alana-foundation\/"},{"@type":"ListItem","position":3,"name":"Initiatives"}]},{"@type":"WebSite","@id":"https:\/\/alana.org.br\/#website","url":"https:\/\/alana.org.br\/","name":"Alana","description":"","publisher":{"@id":"https:\/\/alana.org.br\/#organization"},"potentialAction":[{"@type":"SearchAction","target":{"@type":"EntryPoint","urlTemplate":"https:\/\/alana.org.br\/?s={search_term_string}"},"query-input":{"@type":"PropertyValueSpecification","valueRequired":true,"valueName":"search_term_string"}}],"inLanguage":"en-US"},{"@type":"Organization","@id":"https:\/\/alana.org.br\/#organization","name":"Alana","url":"https:\/\/alana.org.br\/","logo":{"@type":"ImageObject","inLanguage":"en-US","@id":"https:\/\/alana.org.br\/#\/schema\/logo\/image\/","url":"https:\/\/alana.org.br\/wp-content\/uploads\/2024\/07\/logo3.png","contentUrl":"https:\/\/alana.org.br\/wp-content\/uploads\/2024\/07\/logo3.png","width":156,"height":71,"caption":"Alana"},"image":{"@id":"https:\/\/alana.org.br\/#\/schema\/logo\/image\/"}}]}},"_links":{"self":[{"href":"https:\/\/alana.org.br\/en\/wp-json\/wp\/v2\/pages\/71636","targetHints":{"allow":["GET"]}}],"collection":[{"href":"https:\/\/alana.org.br\/en\/wp-json\/wp\/v2\/pages"}],"about":[{"href":"https:\/\/alana.org.br\/en\/wp-json\/wp\/v2\/types\/page"}],"author":[{"embeddable":true,"href":"https:\/\/alana.org.br\/en\/wp-json\/wp\/v2\/users\/7"}],"replies":[{"embeddable":true,"href":"https:\/\/alana.org.br\/en\/wp-json\/wp\/v2\/comments?post=71636"}],"version-history":[{"count":4,"href":"https:\/\/alana.org.br\/en\/wp-json\/wp\/v2\/pages\/71636\/revisions"}],"predecessor-version":[{"id":72979,"href":"https:\/\/alana.org.br\/en\/wp-json\/wp\/v2\/pages\/71636\/revisions\/72979"}],"up":[{"embeddable":true,"href":"https:\/\/alana.org.br\/en\/wp-json\/wp\/v2\/pages\/71615"}],"wp:featuredmedia":[{"embeddable":true,"href":"https:\/\/alana.org.br\/en\/wp-json\/wp\/v2\/media\/65593"}],"wp:attachment":[{"href":"https:\/\/alana.org.br\/en\/wp-json\/wp\/v2\/media?parent=71636"}],"curies":[{"name":"wp","href":"https:\/\/api.w.org\/{rel}","templated":true}]}}